{"id":4393273,"date":"2023-02-02T02:46:32","date_gmt":"2023-02-02T02:46:32","guid":{"rendered":"https:\/\/agroairesbananas.com\/?page_id=4393273"},"modified":"2023-02-02T03:07:45","modified_gmt":"2023-02-02T03:07:45","slug":"aliados","status":"publish","type":"page","link":"https:\/\/agroairesbananas.com\/en\/aliados\/","title":{"rendered":"Allies"},"content":{"rendered":"<p>[et_pb_section fb_built=\u00bb1&#8243; _builder_version=\u00bb4.19.5&#8243; _module_preset=\u00bbdefault\u00bb custom_padding=\u00bb43px||26px|||\u00bb global_colors_info=\u00bb{}\u00bb][et_pb_row column_structure=\u00bb1_2,1_2&#8243; _builder_version=\u00bb4.19.5&#8243; _module_preset=\u00bbdefault\u00bb global_colors_info=\u00bb{}\u00bb][et_pb_column type=\u00bb1_2&#8243; _builder_version=\u00bb4.19.5&#8243; _module_preset=\u00bbdefault\u00bb global_colors_info=\u00bb{}\u00bb][et_pb_text _builder_version=\u00bb4.19.5&#8243; _module_preset=\u00bbdefault\u00bb text_font=\u00bbMontserrat|700|||||||\u00bb text_text_color=\u00bbgcid-8a61a585-a1fe-416b-8291-148f3a3fc969&#8243; text_font_size=\u00bb30px\u00bb text_orientation=\u00bbjustified\u00bb global_colors_info=\u00bb{%22gcid-8a61a585-a1fe-416b-8291-148f3a3fc969%22:%91%22text_text_color%22%93}\u00bb]Nuestros aliados estrat\u00e9gicos[\/et_pb_text][et_pb_text _builder_version=\u00bb4.19.5&#8243; _module_preset=\u00bbdefault\u00bb text_font_size=\u00bb17px\u00bb text_orientation=\u00bbjustified\u00bb global_colors_info=\u00bb{}\u00bb]Nuestra empresa se enorgullece de trabajar con algunos de los mejores socios y proveedores del mercado. Hemos establecido alianzas estrat\u00e9gicas con organizaciones l\u00edderes en nuestro sector que nos permiten ofrecer soluciones innovadoras y de alta calidad a nuestros clientes. <\/p>\n<p>Estos aliados estrat\u00e9gicos comparten nuestra pasi\u00f3n por el \u00e9xito y la satisfacci\u00f3n del cliente, lo que se traduce en una colaboraci\u00f3n efectiva y en una mayor eficiencia en todos los aspectos de nuestros negocios. Nos esforzamos por fortalecer y expandir estas alianzas a medida que seguimos creciendo y evolucionando juntos.[\/et_pb_text][\/et_pb_column][et_pb_column type=\u00bb1_2&#8243; _builder_version=\u00bb4.19.5&#8243; _module_preset=\u00bbdefault\u00bb global_colors_info=\u00bb{}\u00bb][et_pb_image src=\u00bbhttps:\/\/agroairesbananas.com\/wp-content\/uploads\/2023\/02\/aliados-estrategicos.png\u00bb alt=\u00bbaliados estrategicos\u00bb title_text=\u00bbaliados-estrategicos\u00bb _builder_version=\u00bb4.19.5&#8243; _module_preset=\u00bbdefault\u00bb global_colors_info=\u00bb{}\u00bb][\/et_pb_image][\/et_pb_column][\/et_pb_row][et_pb_row _builder_version=\u00bb4.19.5&#8243; _module_preset=\u00bbdefault\u00bb][et_pb_column _builder_version=\u00bb4.19.5&#8243; _module_preset=\u00bbdefault\u00bb type=\u00bb4_4&#8243;][et_pb_text _builder_version=\u00bb4.19.5&#8243; _module_preset=\u00bbdefault\u00bb text_font=\u00bbMontserrat|700|||||||\u00bb text_text_color=\u00bbgcid-8a61a585-a1fe-416b-8291-148f3a3fc969&#8243; text_font_size=\u00bb30px\u00bb text_orientation=\u00bbcenter\u00bb hover_enabled=\u00bb0&#8243; global_colors_info=\u00bb{%22gcid-8a61a585-a1fe-416b-8291-148f3a3fc969%22:%91%22text_text_color%22%93}\u00bb sticky_enabled=\u00bb0&#8243;]De Ecuador al mundo[\/et_pb_text][et_pb_text _builder_version=\u00bb4.19.5&#8243; _module_preset=\u00bbdefault\u00bb text_font_size=\u00bb17px\u00bb text_orientation=\u00bbjustified\u00bb global_colors_info=\u00bb{}\u00bb]<\/p>\n<p>Parte de nuestra estrategias comerciales y excelente planificaci\u00f3n de los procesos semana a semana y la relaci\u00f3n con los actores de la cadena , AGROAIRES produce banano de alta calidad cumpliendo con normas ambientales y exigencias de los mercados internacionales.<\/p>\n<p>Al ser productores y exportadores al 100% no perdemos la trazabilidad de todo el proceso de exportaci\u00f3n el cual garantiza la calidad<\/p>\n<p>[\/et_pb_text][\/et_pb_column][\/et_pb_row][\/et_pb_section]<\/p>\n","protected":false},"excerpt":{"rendered":"<p>Nuestros aliados estrat\u00e9gicosNuestra empresa se enorgullece de trabajar con algunos de los mejores socios y proveedores del mercado. Hemos establecido alianzas estrat\u00e9gicas con organizaciones l\u00edderes en nuestro sector que nos permiten ofrecer soluciones innovadoras y de alta calidad a nuestros clientes. Estos aliados estrat\u00e9gicos comparten nuestra pasi\u00f3n por el \u00e9xito y la satisfacci\u00f3n del cliente, [&hellip;]<\/p>\n","protected":false},"author":1,"featured_media":0,"parent":0,"menu_order":0,"comment_status":"closed","ping_status":"closed","template":"","meta":{"_et_pb_use_builder":"on","_et_pb_old_content":"","_et_gb_content_width":"","footnotes":""},"dipi_cpt_category":[],"class_list":["post-4393273","page","type-page","status-publish","hentry"],"yoast_head":"<!-- This site is optimized with the Yoast SEO plugin v27.3 - https:\/\/yoast.com\/product\/yoast-seo-wordpress\/ -->\n<title>Aliados - My Blog<\/title>\n<meta name=\"robots\" content=\"index, follow, max-snippet:-1, max-image-preview:large, max-video-preview:-1\" \/>\n<link rel=\"canonical\" href=\"https:\/\/agroairesbananas.com\/en\/aliados\/\" \/>\n<meta property=\"og:locale\" content=\"en_US\" \/>\n<meta property=\"og:type\" content=\"article\" \/>\n<meta property=\"og:title\" content=\"Aliados - My Blog\" \/>\n<meta property=\"og:description\" content=\"Nuestros aliados estrat\u00e9gicosNuestra empresa se enorgullece de trabajar con algunos de los mejores socios y proveedores del mercado. Hemos establecido alianzas estrat\u00e9gicas con organizaciones l\u00edderes en nuestro sector que nos permiten ofrecer soluciones innovadoras y de alta calidad a nuestros clientes. Estos aliados estrat\u00e9gicos comparten nuestra pasi\u00f3n por el \u00e9xito y la satisfacci\u00f3n del cliente, [&hellip;]\" \/>\n<meta property=\"og:url\" content=\"https:\/\/agroairesbananas.com\/en\/aliados\/\" \/>\n<meta property=\"og:site_name\" content=\"My Blog\" \/>\n<meta property=\"article:modified_time\" content=\"2023-02-02T03:07:45+00:00\" \/>\n<meta name=\"twitter:card\" content=\"summary_large_image\" \/>\n<meta name=\"twitter:label1\" content=\"Est. reading time\" \/>\n\t<meta name=\"twitter:data1\" content=\"2 minutes\" \/>\n<script type=\"application\/ld+json\" class=\"yoast-schema-graph\">{\"@context\":\"https:\\\/\\\/schema.org\",\"@graph\":[{\"@type\":\"WebPage\",\"@id\":\"https:\\\/\\\/agroairesbananas.com\\\/aliados\\\/\",\"url\":\"https:\\\/\\\/agroairesbananas.com\\\/aliados\\\/\",\"name\":\"Aliados - My Blog\",\"isPartOf\":{\"@id\":\"https:\\\/\\\/agroairesbananas.com\\\/#website\"},\"datePublished\":\"2023-02-02T02:46:32+00:00\",\"dateModified\":\"2023-02-02T03:07:45+00:00\",\"breadcrumb\":{\"@id\":\"https:\\\/\\\/agroairesbananas.com\\\/aliados\\\/#breadcrumb\"},\"inLanguage\":\"en-US\",\"potentialAction\":[{\"@type\":\"ReadAction\",\"target\":[\"https:\\\/\\\/agroairesbananas.com\\\/aliados\\\/\"]}]},{\"@type\":\"BreadcrumbList\",\"@id\":\"https:\\\/\\\/agroairesbananas.com\\\/aliados\\\/#breadcrumb\",\"itemListElement\":[{\"@type\":\"ListItem\",\"position\":1,\"name\":\"Portada\",\"item\":\"https:\\\/\\\/agroairesbananas.com\\\/\"},{\"@type\":\"ListItem\",\"position\":2,\"name\":\"Aliados\"}]},{\"@type\":\"WebSite\",\"@id\":\"https:\\\/\\\/agroairesbananas.com\\\/#website\",\"url\":\"https:\\\/\\\/agroairesbananas.com\\\/\",\"name\":\"My Blog\",\"description\":\"My WordPress Blog\",\"publisher\":{\"@id\":\"https:\\\/\\\/agroairesbananas.com\\\/#organization\"},\"potentialAction\":[{\"@type\":\"SearchAction\",\"target\":{\"@type\":\"EntryPoint\",\"urlTemplate\":\"https:\\\/\\\/agroairesbananas.com\\\/?s={search_term_string}\"},\"query-input\":{\"@type\":\"PropertyValueSpecification\",\"valueRequired\":true,\"valueName\":\"search_term_string\"}}],\"inLanguage\":\"en-US\"},{\"@type\":\"Organization\",\"@id\":\"https:\\\/\\\/agroairesbananas.com\\\/#organization\",\"name\":\"Agroaires Bananas\",\"url\":\"https:\\\/\\\/agroairesbananas.com\\\/\",\"logo\":{\"@type\":\"ImageObject\",\"inLanguage\":\"en-US\",\"@id\":\"https:\\\/\\\/agroairesbananas.com\\\/#\\\/schema\\\/logo\\\/image\\\/\",\"url\":\"https:\\\/\\\/agroairesbananas.com\\\/wp-content\\\/uploads\\\/2021\\\/10\\\/logo-agroaires-bananas-footer2.svg\",\"contentUrl\":\"https:\\\/\\\/agroairesbananas.com\\\/wp-content\\\/uploads\\\/2021\\\/10\\\/logo-agroaires-bananas-footer2.svg\",\"width\":151.7,\"height\":121.9,\"caption\":\"Agroaires Bananas\"},\"image\":{\"@id\":\"https:\\\/\\\/agroairesbananas.com\\\/#\\\/schema\\\/logo\\\/image\\\/\"}}]}<\/script>\n<!-- \/ Yoast SEO plugin. -->","yoast_head_json":{"title":"Aliados - My Blog","robots":{"index":"index","follow":"follow","max-snippet":"max-snippet:-1","max-image-preview":"max-image-preview:large","max-video-preview":"max-video-preview:-1"},"canonical":"https:\/\/agroairesbananas.com\/en\/aliados\/","og_locale":"en_US","og_type":"article","og_title":"Aliados - My Blog","og_description":"Nuestros aliados estrat\u00e9gicosNuestra empresa se enorgullece de trabajar con algunos de los mejores socios y proveedores del mercado. Hemos establecido alianzas estrat\u00e9gicas con organizaciones l\u00edderes en nuestro sector que nos permiten ofrecer soluciones innovadoras y de alta calidad a nuestros clientes. Estos aliados estrat\u00e9gicos comparten nuestra pasi\u00f3n por el \u00e9xito y la satisfacci\u00f3n del cliente, [&hellip;]","og_url":"https:\/\/agroairesbananas.com\/en\/aliados\/","og_site_name":"My Blog","article_modified_time":"2023-02-02T03:07:45+00:00","twitter_card":"summary_large_image","twitter_misc":{"Est. reading time":"2 minutes"},"schema":{"@context":"https:\/\/schema.org","@graph":[{"@type":"WebPage","@id":"https:\/\/agroairesbananas.com\/aliados\/","url":"https:\/\/agroairesbananas.com\/aliados\/","name":"Aliados - My Blog","isPartOf":{"@id":"https:\/\/agroairesbananas.com\/#website"},"datePublished":"2023-02-02T02:46:32+00:00","dateModified":"2023-02-02T03:07:45+00:00","breadcrumb":{"@id":"https:\/\/agroairesbananas.com\/aliados\/#breadcrumb"},"inLanguage":"en-US","potentialAction":[{"@type":"ReadAction","target":["https:\/\/agroairesbananas.com\/aliados\/"]}]},{"@type":"BreadcrumbList","@id":"https:\/\/agroairesbananas.com\/aliados\/#breadcrumb","itemListElement":[{"@type":"ListItem","position":1,"name":"Portada","item":"https:\/\/agroairesbananas.com\/"},{"@type":"ListItem","position":2,"name":"Aliados"}]},{"@type":"WebSite","@id":"https:\/\/agroairesbananas.com\/#website","url":"https:\/\/agroairesbananas.com\/","name":"My Blog","description":"My WordPress Blog","publisher":{"@id":"https:\/\/agroairesbananas.com\/#organization"},"potentialAction":[{"@type":"SearchAction","target":{"@type":"EntryPoint","urlTemplate":"https:\/\/agroairesbananas.com\/?s={search_term_string}"},"query-input":{"@type":"PropertyValueSpecification","valueRequired":true,"valueName":"search_term_string"}}],"inLanguage":"en-US"},{"@type":"Organization","@id":"https:\/\/agroairesbananas.com\/#organization","name":"Agroaires Bananas","url":"https:\/\/agroairesbananas.com\/","logo":{"@type":"ImageObject","inLanguage":"en-US","@id":"https:\/\/agroairesbananas.com\/#\/schema\/logo\/image\/","url":"https:\/\/agroairesbananas.com\/wp-content\/uploads\/2021\/10\/logo-agroaires-bananas-footer2.svg","contentUrl":"https:\/\/agroairesbananas.com\/wp-content\/uploads\/2021\/10\/logo-agroaires-bananas-footer2.svg","width":151.7,"height":121.9,"caption":"Agroaires Bananas"},"image":{"@id":"https:\/\/agroairesbananas.com\/#\/schema\/logo\/image\/"}}]}},"_links":{"self":[{"href":"https:\/\/agroairesbananas.com\/en\/wp-json\/wp\/v2\/pages\/4393273","targetHints":{"allow":["GET"]}}],"collection":[{"href":"https:\/\/agroairesbananas.com\/en\/wp-json\/wp\/v2\/pages"}],"about":[{"href":"https:\/\/agroairesbananas.com\/en\/wp-json\/wp\/v2\/types\/page"}],"author":[{"embeddable":true,"href":"https:\/\/agroairesbananas.com\/en\/wp-json\/wp\/v2\/users\/1"}],"replies":[{"embeddable":true,"href":"https:\/\/agroairesbananas.com\/en\/wp-json\/wp\/v2\/comments?post=4393273"}],"version-history":[{"count":7,"href":"https:\/\/agroairesbananas.com\/en\/wp-json\/wp\/v2\/pages\/4393273\/revisions"}],"predecessor-version":[{"id":4393283,"href":"https:\/\/agroairesbananas.com\/en\/wp-json\/wp\/v2\/pages\/4393273\/revisions\/4393283"}],"wp:attachment":[{"href":"https:\/\/agroairesbananas.com\/en\/wp-json\/wp\/v2\/media?parent=4393273"}],"wp:term":[{"taxonomy":"dipi_cpt_category","embeddable":true,"href":"https:\/\/agroairesbananas.com\/en\/wp-json\/wp\/v2\/dipi_cpt_category?post=4393273"}],"curies":[{"name":"wp","href":"https:\/\/api.w.org\/{rel}","templated":true}]}}